{"id":505,"date":"2020-04-14T05:50:15","date_gmt":"2020-04-14T04:50:15","guid":{"rendered":"http:\/\/elliottfaure.com\/recettes\/?page_id=505"},"modified":"2020-04-14T05:51:24","modified_gmt":"2020-04-14T04:51:24","slug":"desserts","status":"publish","type":"page","link":"https:\/\/elliottfaure.com\/recettes\/desserts\/","title":{"rendered":"Desserts"},"content":{"rendered":"\n<ul class=\"display-posts-listing grid\"><li class=\"listing-item\"><a class=\"image\" href=\"https:\/\/elliottfaure.com\/recettes\/clafoutis\/\"><img width=\"150\" height=\"150\" src=\"https:\/\/elliottfaure.com\/recettes\/wp-content\/uploads\/2020\/06\/IMG_20200607_142517-01-150x150.jpeg\" class=\"attachment-thumbnail size-thumbnail wp-post-image\" alt=\"\" decoding=\"async\" srcset=\"https:\/\/elliottfaure.com\/recettes\/wp-content\/uploads\/2020\/06\/IMG_20200607_142517-01-150x150.jpeg 150w, https:\/\/elliottfaure.com\/recettes\/wp-content\/uploads\/2020\/06\/IMG_20200607_142517-01-300x300.jpeg 300w, https:\/\/elliottfaure.com\/recettes\/wp-content\/uploads\/2020\/06\/IMG_20200607_142517-01-1024x1024.jpeg 1024w, https:\/\/elliottfaure.com\/recettes\/wp-content\/uploads\/2020\/06\/IMG_20200607_142517-01-768x768.jpeg 768w, https:\/\/elliottfaure.com\/recettes\/wp-content\/uploads\/2020\/06\/IMG_20200607_142517-01-1536x1536.jpeg 1536w, https:\/\/elliottfaure.com\/recettes\/wp-content\/uploads\/2020\/06\/IMG_20200607_142517-01-2048x2048.jpeg 2048w, https:\/\/elliottfaure.com\/recettes\/wp-content\/uploads\/2020\/06\/IMG_20200607_142517-01-1200x1200.jpeg 1200w, https:\/\/elliottfaure.com\/recettes\/wp-content\/uploads\/2020\/06\/IMG_20200607_142517-01-1980x1979.jpeg 1980w\" sizes=\"(max-width: 150px) 100vw, 150px\" \/><\/a> <a class=\"title\" href=\"https:\/\/elliottfaure.com\/recettes\/clafoutis\/\">Clafoutis<\/a><\/li><li class=\"listing-item\"><a class=\"image\" href=\"https:\/\/elliottfaure.com\/recettes\/brownie-au-beurre-de-cacahuetes\/\"><img width=\"150\" height=\"150\" src=\"https:\/\/elliottfaure.com\/recettes\/wp-content\/uploads\/2020\/04\/39605492_232972314044797_4934022412049055744_n-01-150x150.jpeg\" class=\"attachment-thumbnail size-thumbnail wp-post-image\" alt=\"\" decoding=\"async\" srcset=\"https:\/\/elliottfaure.com\/recettes\/wp-content\/uploads\/2020\/04\/39605492_232972314044797_4934022412049055744_n-01-150x150.jpeg 150w, https:\/\/elliottfaure.com\/recettes\/wp-content\/uploads\/2020\/04\/39605492_232972314044797_4934022412049055744_n-01-300x300.jpeg 300w, https:\/\/elliottfaure.com\/recettes\/wp-content\/uploads\/2020\/04\/39605492_232972314044797_4934022412049055744_n-01-1024x1024.jpeg 1024w, https:\/\/elliottfaure.com\/recettes\/wp-content\/uploads\/2020\/04\/39605492_232972314044797_4934022412049055744_n-01-768x768.jpeg 768w, https:\/\/elliottfaure.com\/recettes\/wp-content\/uploads\/2020\/04\/39605492_232972314044797_4934022412049055744_n-01.jpeg 1040w\" sizes=\"(max-width: 150px) 100vw, 150px\" \/><\/a> <a class=\"title\" href=\"https:\/\/elliottfaure.com\/recettes\/brownie-au-beurre-de-cacahuetes\/\">Brownie au beurre de cacahu\u00e8tes<\/a><\/li><li class=\"listing-item\"><a class=\"image\" href=\"https:\/\/elliottfaure.com\/recettes\/cheesecake-kasekuchen\/\"><img width=\"150\" height=\"150\" src=\"https:\/\/elliottfaure.com\/recettes\/wp-content\/uploads\/2020\/04\/23596098_2044929992454796_298570784794738688_n-150x150.jpg\" class=\"attachment-thumbnail size-thumbnail wp-post-image\" alt=\"\" decoding=\"async\" srcset=\"https:\/\/elliottfaure.com\/recettes\/wp-content\/uploads\/2020\/04\/23596098_2044929992454796_298570784794738688_n-150x150.jpg 150w, https:\/\/elliottfaure.com\/recettes\/wp-content\/uploads\/2020\/04\/23596098_2044929992454796_298570784794738688_n-300x300.jpg 300w, https:\/\/elliottfaure.com\/recettes\/wp-content\/uploads\/2020\/04\/23596098_2044929992454796_298570784794738688_n-1024x1024.jpg 1024w, https:\/\/elliottfaure.com\/recettes\/wp-content\/uploads\/2020\/04\/23596098_2044929992454796_298570784794738688_n-768x768.jpg 768w, https:\/\/elliottfaure.com\/recettes\/wp-content\/uploads\/2020\/04\/23596098_2044929992454796_298570784794738688_n.jpg 1080w\" sizes=\"(max-width: 150px) 100vw, 150px\" \/><\/a> <a class=\"title\" href=\"https:\/\/elliottfaure.com\/recettes\/cheesecake-kasekuchen\/\">Cheesecake K\u00e4sekuchen<\/a><\/li><li class=\"listing-item\"><a class=\"image\" href=\"https:\/\/elliottfaure.com\/recettes\/cheesecake-sans-cuisson\/\"><img width=\"150\" height=\"150\" src=\"https:\/\/elliottfaure.com\/recettes\/wp-content\/uploads\/2020\/04\/IMG_20200412_140738-01-150x150.jpeg\" class=\"attachment-thumbnail size-thumbnail wp-post-image\" alt=\"\" decoding=\"async\" srcset=\"https:\/\/elliottfaure.com\/recettes\/wp-content\/uploads\/2020\/04\/IMG_20200412_140738-01-150x150.jpeg 150w, https:\/\/elliottfaure.com\/recettes\/wp-content\/uploads\/2020\/04\/IMG_20200412_140738-01-300x300.jpeg 300w, https:\/\/elliottfaure.com\/recettes\/wp-content\/uploads\/2020\/04\/IMG_20200412_140738-01-1024x1024.jpeg 1024w, https:\/\/elliottfaure.com\/recettes\/wp-content\/uploads\/2020\/04\/IMG_20200412_140738-01-768x768.jpeg 768w, https:\/\/elliottfaure.com\/recettes\/wp-content\/uploads\/2020\/04\/IMG_20200412_140738-01-1536x1536.jpeg 1536w, https:\/\/elliottfaure.com\/recettes\/wp-content\/uploads\/2020\/04\/IMG_20200412_140738-01-2048x2048.jpeg 2048w, https:\/\/elliottfaure.com\/recettes\/wp-content\/uploads\/2020\/04\/IMG_20200412_140738-01-1200x1200.jpeg 1200w, https:\/\/elliottfaure.com\/recettes\/wp-content\/uploads\/2020\/04\/IMG_20200412_140738-01-1980x1979.jpeg 1980w\" sizes=\"(max-width: 150px) 100vw, 150px\" \/><\/a> <a class=\"title\" href=\"https:\/\/elliottfaure.com\/recettes\/cheesecake-sans-cuisson\/\">Cheesecake sans cuisson<\/a><\/li><li class=\"listing-item\"><a class=\"image\" href=\"https:\/\/elliottfaure.com\/recettes\/banoffee-de-mome\/\"><img width=\"150\" height=\"150\" src=\"https:\/\/elliottfaure.com\/recettes\/wp-content\/uploads\/2020\/04\/92464548_663602194428556_3786385594116997120_n-150x150.jpg\" class=\"attachment-thumbnail size-thumbnail wp-post-image\" alt=\"\" decoding=\"async\" \/><\/a> <a class=\"title\" href=\"https:\/\/elliottfaure.com\/recettes\/banoffee-de-mome\/\">Banoffee de Mom\u00e9<\/a><\/li><li class=\"listing-item\"><a class=\"image\" href=\"https:\/\/elliottfaure.com\/recettes\/trio-de-mousses-aux-chocolats\/\"><img width=\"150\" height=\"150\" src=\"https:\/\/elliottfaure.com\/recettes\/wp-content\/uploads\/2015\/05\/moussechoco-150x150.jpg\" class=\"attachment-thumbnail size-thumbnail wp-post-image\" alt=\"\" decoding=\"async\" \/><\/a> <a class=\"title\" href=\"https:\/\/elliottfaure.com\/recettes\/trio-de-mousses-aux-chocolats\/\">Trio de mousses aux chocolats<\/a><\/li><li class=\"listing-item\"><a class=\"image\" href=\"https:\/\/elliottfaure.com\/recettes\/gateauponge-a-la-citrouille\/\"><img width=\"150\" height=\"150\" src=\"https:\/\/elliottfaure.com\/recettes\/wp-content\/uploads\/2015\/05\/gateaucitrouille-150x150.jpg\" class=\"attachment-thumbnail size-thumbnail wp-post-image\" alt=\"\" decoding=\"async\" \/><\/a> <a class=\"title\" href=\"https:\/\/elliottfaure.com\/recettes\/gateauponge-a-la-citrouille\/\">G\u00e2teauponge \u00e0 la citrouille<\/a><\/li><li class=\"listing-item\"><a class=\"image\" href=\"https:\/\/elliottfaure.com\/recettes\/pate-a-crepes\/\"><img width=\"150\" height=\"150\" src=\"https:\/\/elliottfaure.com\/recettes\/wp-content\/uploads\/2020\/04\/19050876_302043766904784_3881572815404531712_n-150x150.jpg\" class=\"attachment-thumbnail size-thumbnail wp-post-image\" alt=\"\" decoding=\"async\" srcset=\"https:\/\/elliottfaure.com\/recettes\/wp-content\/uploads\/2020\/04\/19050876_302043766904784_3881572815404531712_n-150x150.jpg 150w, https:\/\/elliottfaure.com\/recettes\/wp-content\/uploads\/2020\/04\/19050876_302043766904784_3881572815404531712_n-300x300.jpg 300w, https:\/\/elliottfaure.com\/recettes\/wp-content\/uploads\/2020\/04\/19050876_302043766904784_3881572815404531712_n-1024x1024.jpg 1024w, https:\/\/elliottfaure.com\/recettes\/wp-content\/uploads\/2020\/04\/19050876_302043766904784_3881572815404531712_n-768x768.jpg 768w, https:\/\/elliottfaure.com\/recettes\/wp-content\/uploads\/2020\/04\/19050876_302043766904784_3881572815404531712_n.jpg 1080w\" sizes=\"(max-width: 150px) 100vw, 150px\" \/><\/a> <a class=\"title\" href=\"https:\/\/elliottfaure.com\/recettes\/pate-a-crepes\/\">P\u00e2te \u00e0 cr\u00eapes<\/a><\/li><li class=\"listing-item\"><a class=\"image\" href=\"https:\/\/elliottfaure.com\/recettes\/key-lime-pie\/\"><img width=\"150\" height=\"150\" src=\"https:\/\/elliottfaure.com\/recettes\/wp-content\/uploads\/2015\/08\/Key-Lime-PIe_0005-e1393270086957-150x150.jpg\" class=\"attachment-thumbnail size-thumbnail wp-post-image\" alt=\"\" decoding=\"async\" \/><\/a> <a class=\"title\" href=\"https:\/\/elliottfaure.com\/recettes\/key-lime-pie\/\">Key Lime Pie<\/a><\/li><li class=\"listing-item\"><a class=\"image\" href=\"https:\/\/elliottfaure.com\/recettes\/galette-des-rois\/\"><img width=\"150\" height=\"150\" src=\"https:\/\/elliottfaure.com\/recettes\/wp-content\/uploads\/2020\/04\/25015184_412526215833383_5432276487111704576_n-150x150.jpg\" class=\"attachment-thumbnail size-thumbnail wp-post-image\" alt=\"\" decoding=\"async\" srcset=\"https:\/\/elliottfaure.com\/recettes\/wp-content\/uploads\/2020\/04\/25015184_412526215833383_5432276487111704576_n-150x150.jpg 150w, https:\/\/elliottfaure.com\/recettes\/wp-content\/uploads\/2020\/04\/25015184_412526215833383_5432276487111704576_n-300x300.jpg 300w, https:\/\/elliottfaure.com\/recettes\/wp-content\/uploads\/2020\/04\/25015184_412526215833383_5432276487111704576_n-1024x1024.jpg 1024w, https:\/\/elliottfaure.com\/recettes\/wp-content\/uploads\/2020\/04\/25015184_412526215833383_5432276487111704576_n-768x768.jpg 768w, https:\/\/elliottfaure.com\/recettes\/wp-content\/uploads\/2020\/04\/25015184_412526215833383_5432276487111704576_n.jpg 1080w\" sizes=\"(max-width: 150px) 100vw, 150px\" \/><\/a> <a class=\"title\" href=\"https:\/\/elliottfaure.com\/recettes\/galette-des-rois\/\">Galette des rois<\/a><\/li><li class=\"listing-item\"><a class=\"image\" href=\"https:\/\/elliottfaure.com\/recettes\/fondant-au-chocolat\/\"><img width=\"150\" height=\"150\" src=\"https:\/\/elliottfaure.com\/recettes\/wp-content\/uploads\/2020\/04\/17334121_728344540662307_3961999260592898048_n-150x150.jpg\" class=\"attachment-thumbnail size-thumbnail wp-post-image\" alt=\"\" decoding=\"async\" srcset=\"https:\/\/elliottfaure.com\/recettes\/wp-content\/uploads\/2020\/04\/17334121_728344540662307_3961999260592898048_n-150x150.jpg 150w, https:\/\/elliottfaure.com\/recettes\/wp-content\/uploads\/2020\/04\/17334121_728344540662307_3961999260592898048_n-300x300.jpg 300w, https:\/\/elliottfaure.com\/recettes\/wp-content\/uploads\/2020\/04\/17334121_728344540662307_3961999260592898048_n-1024x1024.jpg 1024w, https:\/\/elliottfaure.com\/recettes\/wp-content\/uploads\/2020\/04\/17334121_728344540662307_3961999260592898048_n-768x768.jpg 768w, https:\/\/elliottfaure.com\/recettes\/wp-content\/uploads\/2020\/04\/17334121_728344540662307_3961999260592898048_n.jpg 1080w\" sizes=\"(max-width: 150px) 100vw, 150px\" \/><\/a> <a class=\"title\" href=\"https:\/\/elliottfaure.com\/recettes\/fondant-au-chocolat\/\">Fondant au chocolat<\/a><\/li><li class=\"listing-item\"><a class=\"image\" href=\"https:\/\/elliottfaure.com\/recettes\/tarte-a-la-bouillie\/\"><img width=\"150\" height=\"150\" src=\"https:\/\/elliottfaure.com\/recettes\/wp-content\/uploads\/2020\/04\/40760728_801783296825218_2228170252806355134_n-150x150.jpg\" class=\"attachment-thumbnail size-thumbnail wp-post-image\" alt=\"\" decoding=\"async\" \/><\/a> <a class=\"title\" href=\"https:\/\/elliottfaure.com\/recettes\/tarte-a-la-bouillie\/\">Tarte \u00e0 la bouillie<\/a><\/li><li class=\"listing-item\"><a class=\"image\" href=\"https:\/\/elliottfaure.com\/recettes\/foret-noire\/\"><img width=\"150\" height=\"150\" src=\"https:\/\/elliottfaure.com\/recettes\/wp-content\/uploads\/2020\/04\/19367810_1901114193469838_4504799035642609664_n-150x150.jpg\" class=\"attachment-thumbnail size-thumbnail wp-post-image\" alt=\"\" decoding=\"async\" srcset=\"https:\/\/elliottfaure.com\/recettes\/wp-content\/uploads\/2020\/04\/19367810_1901114193469838_4504799035642609664_n-150x150.jpg 150w, https:\/\/elliottfaure.com\/recettes\/wp-content\/uploads\/2020\/04\/19367810_1901114193469838_4504799035642609664_n-300x300.jpg 300w, https:\/\/elliottfaure.com\/recettes\/wp-content\/uploads\/2020\/04\/19367810_1901114193469838_4504799035642609664_n-1024x1024.jpg 1024w, https:\/\/elliottfaure.com\/recettes\/wp-content\/uploads\/2020\/04\/19367810_1901114193469838_4504799035642609664_n-768x768.jpg 768w, https:\/\/elliottfaure.com\/recettes\/wp-content\/uploads\/2020\/04\/19367810_1901114193469838_4504799035642609664_n.jpg 1080w\" sizes=\"(max-width: 150px) 100vw, 150px\" \/><\/a> <a class=\"title\" href=\"https:\/\/elliottfaure.com\/recettes\/foret-noire\/\">For\u00eat Noire<\/a><\/li><\/ul>\n","protected":false},"excerpt":{"rendered":"","protected":false},"author":1,"featured_media":0,"parent":0,"menu_order":0,"comment_status":"closed","ping_status":"closed","template":"templates\/template-full-width.php","meta":{"footnotes":""},"_links":{"self":[{"href":"https:\/\/elliottfaure.com\/recettes\/wp-json\/wp\/v2\/pages\/505"}],"collection":[{"href":"https:\/\/elliottfaure.com\/recettes\/wp-json\/wp\/v2\/pages"}],"about":[{"href":"https:\/\/elliottfaure.com\/recettes\/wp-json\/wp\/v2\/types\/page"}],"author":[{"embeddable":true,"href":"https:\/\/elliottfaure.com\/recettes\/wp-json\/wp\/v2\/users\/1"}],"replies":[{"embeddable":true,"href":"https:\/\/elliottfaure.com\/recettes\/wp-json\/wp\/v2\/comments?post=505"}],"version-history":[{"count":1,"href":"https:\/\/elliottfaure.com\/recettes\/wp-json\/wp\/v2\/pages\/505\/revisions"}],"predecessor-version":[{"id":506,"href":"https:\/\/elliottfaure.com\/recettes\/wp-json\/wp\/v2\/pages\/505\/revisions\/506"}],"wp:attachment":[{"href":"https:\/\/elliottfaure.com\/recettes\/wp-json\/wp\/v2\/media?parent=505"}],"curies":[{"name":"wp","href":"https:\/\/api.w.org\/{rel}","templated":true}]}}